{"id":2925,"date":"2022-03-16T10:47:41","date_gmt":"2022-03-16T10:47:41","guid":{"rendered":"http:\/\/www.konyaelmak.com.tr\/tr\/?page_id=2925"},"modified":"2022-03-16T11:00:05","modified_gmt":"2022-03-16T11:00:05","slug":"2022-fuar","status":"publish","type":"page","link":"https:\/\/www.konyaelmak.com.tr\/tr\/2022-fuar\/","title":{"rendered":"T\u00fcyap \u0130stanbul 17.Uluslararasi Asans\u00f6r Fuar\u0131"},"content":{"rendered":"<p>[vc_section content_layout=&#8221;full&#8221; animation_delay=&#8221;&#8221; disable=&#8221;&#8221; id=&#8221;&#8221; class=&#8221;&#8221; bg_type=&#8221;image&#8221; bg_image=&#8221;&#8221; color_overlay=&#8221;&#8221; enable_parallax=&#8221;&#8221; enable_pattern=&#8221;&#8221;][vc_row content_layout=&#8221;boxed&#8221; equal_height=&#8221;&#8221; animation_delay=&#8221;&#8221; disable=&#8221;&#8221; id=&#8221;&#8221; class=&#8221;&#8221; bg_type=&#8221;image&#8221; bg_image=&#8221;&#8221; color_overlay=&#8221;&#8221; enable_parallax=&#8221;&#8221; enable_pattern=&#8221;&#8221;][vc_column layout=&#8221;normal&#8221; vertical_align=&#8221;auto&#8221; animation_delay=&#8221;&#8221;][vc_column_text]10-13 Mart 2022 tarihleri aras\u0131nda kat\u0131ld\u0131\u011f\u0131m\u0131z T\u00fcyap \u0130stanbul 17.Uluslararasi Asans\u00f6r fuar\u0131na kat\u0131l\u0131m\u0131m\u0131z\u0131 ger\u00e7ekle\u015ftirdik.Konya Elmak Elk.Tic.ve San.A\u015e. olarak yakla\u015f\u0131k 10 y\u0131ld\u0131r edindi\u011fimiz tecr\u00fcbelerle geli\u015ftirdi\u011fimiz \u00fcr\u00fcnleri stand\u0131m\u0131zda sergiledik.Yerli ve yabanc\u0131 misafirlerin kat\u0131l\u0131m\u0131yla stand\u0131m\u0131za ilgi b\u00fcy\u00fck oldu.[\/vc_column_text][vc_separator border_width=&#8221;5&#8243;][vc_gallery type=&#8221;image_grid&#8221; images=&#8221;2926,2927,2928,2929,2930,2931,2932,2933&#8243; img_size=&#8221;&#8221; title=&#8221;Fuardan G\u00f6r\u00fcnt\u00fcler&#8221;][\/vc_column][\/vc_row][\/vc_section]<\/p>\n","protected":false},"excerpt":{"rendered":"<p>[vc_section content_layout=&#8221;full&#8221; animation_delay=&#8221;&#8221; disable=&#8221;&#8221; id=&#8221;&#8221; class=&#8221;&#8221; bg_type=&#8221;image&#8221; bg_image=&#8221;&#8221; color_overlay=&#8221;&#8221; enable_parallax=&#8221;&#8221; enable_pattern=&#8221;&#8221;][vc_row content_layout=&#8221;boxed&#8221; equal_height=&#8221;&#8221; animation_delay=&#8221;&#8221; disable=&#8221;&#8221; id=&#8221;&#8221; class=&#8221;&#8221; bg_type=&#8221;image&#8221; bg_image=&#8221;&#8221; color_overlay=&#8221;&#8221; enable_parallax=&#8221;&#8221; enable_pattern=&#8221;&#8221;][vc_column layout=&#8221;normal&#8221; vertical_align=&#8221;auto&#8221; animation_delay=&#8221;&#8221;][vc_column_text]10-13 Mart 2022 tarihleri aras\u0131nda kat\u0131ld\u0131\u011f\u0131m\u0131z T\u00fcyap \u0130stanbul 17.Uluslararasi Asans\u00f6r fuar\u0131na kat\u0131l\u0131m\u0131m\u0131z\u0131 ger\u00e7ekle\u015ftirdik.Konya Elmak Elk.Tic.ve San.A\u015e. olarak yakla\u015f\u0131k 10 y\u0131ld\u0131r edindi\u011fimiz tecr\u00fcbelerle geli\u015ftirdi\u011fimiz \u00fcr\u00fcnleri stand\u0131m\u0131zda sergiledik.Yerli ve yabanc\u0131 misafirlerin kat\u0131l\u0131m\u0131yla stand\u0131m\u0131za [&hellip;]<\/p>\n","protected":false},"author":1,"featured_media":0,"parent":0,"menu_order":0,"comment_status":"closed","ping_status":"closed","template":"","meta":[],"_links":{"self":[{"href":"https:\/\/www.konyaelmak.com.tr\/tr\/wp-json\/wp\/v2\/pages\/2925"}],"collection":[{"href":"https:\/\/www.konyaelmak.com.tr\/tr\/wp-json\/wp\/v2\/pages"}],"about":[{"href":"https:\/\/www.konyaelmak.com.tr\/tr\/wp-json\/wp\/v2\/types\/page"}],"author":[{"embeddable":true,"href":"https:\/\/www.konyaelmak.com.tr\/tr\/wp-json\/wp\/v2\/users\/1"}],"replies":[{"embeddable":true,"href":"https:\/\/www.konyaelmak.com.tr\/tr\/wp-json\/wp\/v2\/comments?post=2925"}],"version-history":[{"count":2,"href":"https:\/\/www.konyaelmak.com.tr\/tr\/wp-json\/wp\/v2\/pages\/2925\/revisions"}],"predecessor-version":[{"id":2935,"href":"https:\/\/www.konyaelmak.com.tr\/tr\/wp-json\/wp\/v2\/pages\/2925\/revisions\/2935"}],"wp:attachment":[{"href":"https:\/\/www.konyaelmak.com.tr\/tr\/wp-json\/wp\/v2\/media?parent=2925"}],"curies":[{"name":"wp","href":"https:\/\/api.w.org\/{rel}","templated":true}]}}