{"id":465,"date":"2018-02-10T09:29:44","date_gmt":"2018-02-10T09:29:44","guid":{"rendered":"https:\/\/themes.flexipress.xyz\/housico\/?page_id=465"},"modified":"2022-02-19T14:27:24","modified_gmt":"2022-02-19T14:27:24","slug":"kutulu-montajli-urunler","status":"publish","type":"page","link":"https:\/\/www.konyaelmak.com.tr\/tr\/kutulu-montajli-urunler\/","title":{"rendered":"Kutulu Montajl\u0131 \u00dcr\u00fcnler"},"content":{"rendered":"<p>[vc_section content_layout=&#8221;full&#8221; animation_delay=&#8221;&#8221; disable=&#8221;&#8221; id=&#8221;&#8221; class=&#8221;&#8221; bg_type=&#8221;image&#8221; bg_image=&#8221;&#8221; color_overlay=&#8221;&#8221; enable_parallax=&#8221;&#8221; enable_pattern=&#8221;&#8221;][vc_row content_layout=&#8221;boxed&#8221; equal_height=&#8221;&#8221; animation_delay=&#8221;&#8221; disable=&#8221;&#8221; id=&#8221;&#8221; class=&#8221;&#8221; bg_type=&#8221;image&#8221; bg_image=&#8221;&#8221; color_overlay=&#8221;&#8221; enable_parallax=&#8221;&#8221; enable_pattern=&#8221;&#8221;][vc_column layout=&#8221;normal&#8221; vertical_align=&#8221;auto&#8221; animation_delay=&#8221;&#8221;]\t\t<div class=\"vu_blog vu_b-type-grid vu_b-layout-4 clearfix\">\r\n\t\t\t\t\t\t\t<div class=\"row\">\r\n\t\t\t\r\n\t\t\t\t\t\t\t\t\t\t\t\t\t\t\t<div class=\"vu_b-item-wrap col-md-3 col-sm-6 col-xs-12\">\r\n\t\t\t\t\t\t\t\t\t\t\t<article class=\"vu_blog-item post-2115 post type-post status-publish format-standard has-post-thumbnail hentry category-kutulu-montajli-urunler tag-elx-bx1-ask\" data-id=\"2115\" itemscope=\"itemscope\" itemtype=\"https:\/\/schema.org\/BlogPosting\">\r\n\t\t\t\t\t\t\t\t\t\t\t\t\t\t\t<div class=\"vu_bi-image\">\r\n\t\t\t\t\t\t\t\t\t<a href=\"https:\/\/www.konyaelmak.com.tr\/tr\/elx-bx1-ask\/\">\r\n\t\t\t\t\t\t\t\t\t\t<img width=\"800\" height=\"600\" src=\"https:\/\/www.konyaelmak.com.tr\/tr\/wp-content\/uploads\/2022\/02\/ELX-BX1-ASK-800x600.jpg\" class=\"attachment-housico_ratio-4:3 size-housico_ratio-4:3 wp-post-image\" alt=\"\" decoding=\"async\" loading=\"lazy\" itemprop=\"image\" \/>\t\t\t\t\t\t\t\t\t<\/a>\r\n\t\t\t\t\t\t\t\t<\/div>\r\n\t\t\t\t\t\t\t\r\n\t\t\t\t\t\t\t<div class=\"vu_bi-content-wrapper\">\r\n\t\t\t\t\t\t\t\t<header class=\"vu_bi-header\">\r\n\t\t\t\t\t\t\t\t\t<h3 class=\"vu_bi-title entry-title\" itemprop=\"name\">\r\n\t\t\t\t\t\t\t\t\t\t<a href=\"https:\/\/www.konyaelmak.com.tr\/tr\/elx-bx1-ask\/\" itemprop=\"url\" rel=\"bookmark\" title=\"ELX-BX1-ASK &#8211; Acil Stop &#8211; 40 mm 1NC Kal\u0131c\u0131 Korumal\u0131 Kutu\">ELX-BX1-ASK &#8211; Acil Stop &#8211; 40 mm 1NC Kal\u0131c\u0131 Korumal\u0131 Kutu<\/a>\r\n\t\t\t\t\t\t\t\t\t<\/h3>\r\n\r\n\t\t\t\t\t\t\t\t\t\t\t\t\t\t\t\t\t<\/header>\r\n\r\n\t\t\t\t\t\t\t\t\r\n\t\t\t\t\t\t\t\t\r\n\t\t\t\t\t\t\t\t<div class=\"clear\"><\/div>\r\n\t\t\t\t\t\t\t<\/div>\r\n\t\t\t\t\t\t<\/article>\r\n\t\t\t\t\t\t\t\t\t\t\t<\/div>\r\n\t\t\t\t\t\t\t\t\t\t\t\t\t\t\t\t\t\t\t\t<div class=\"vu_b-item-wrap col-md-3 col-sm-6 col-xs-12\">\r\n\t\t\t\t\t\t\t\t\t\t\t<article class=\"vu_blog-item post-2120 post type-post status-publish format-standard has-post-thumbnail hentry category-kutulu-montajli-urunler tag-elx-alm-1\" data-id=\"2120\" itemscope=\"itemscope\" itemtype=\"https:\/\/schema.org\/BlogPosting\">\r\n\t\t\t\t\t\t\t\t\t\t\t\t\t\t\t<div class=\"vu_bi-image\">\r\n\t\t\t\t\t\t\t\t\t<a href=\"https:\/\/www.konyaelmak.com.tr\/tr\/elx-alm-1\/\">\r\n\t\t\t\t\t\t\t\t\t\t<img width=\"800\" height=\"600\" src=\"https:\/\/www.konyaelmak.com.tr\/tr\/wp-content\/uploads\/2022\/02\/ELX-ALM-1-800x600.jpg\" class=\"attachment-housico_ratio-4:3 size-housico_ratio-4:3 wp-post-image\" alt=\"\" decoding=\"async\" loading=\"lazy\" itemprop=\"image\" \/>\t\t\t\t\t\t\t\t\t<\/a>\r\n\t\t\t\t\t\t\t\t<\/div>\r\n\t\t\t\t\t\t\t\r\n\t\t\t\t\t\t\t<div class=\"vu_bi-content-wrapper\">\r\n\t\t\t\t\t\t\t\t<header class=\"vu_bi-header\">\r\n\t\t\t\t\t\t\t\t\t<h3 class=\"vu_bi-title entry-title\" itemprop=\"name\">\r\n\t\t\t\t\t\t\t\t\t\t<a href=\"https:\/\/www.konyaelmak.com.tr\/tr\/elx-alm-1\/\" itemprop=\"url\" rel=\"bookmark\" title=\"ELX-ALM-1 &#8211; Kutulu Tekli Alarm Butonu\">ELX-ALM-1 &#8211; Kutulu Tekli Alarm Butonu<\/a>\r\n\t\t\t\t\t\t\t\t\t<\/h3>\r\n\r\n\t\t\t\t\t\t\t\t\t\t\t\t\t\t\t\t\t<\/header>\r\n\r\n\t\t\t\t\t\t\t\t\r\n\t\t\t\t\t\t\t\t\r\n\t\t\t\t\t\t\t\t<div class=\"clear\"><\/div>\r\n\t\t\t\t\t\t\t<\/div>\r\n\t\t\t\t\t\t<\/article>\r\n\t\t\t\t\t\t\t\t\t\t\t<\/div>\r\n\t\t\t\t\t\t\t\t\t\t\t\t\t\t\t\t\t\t\t\t<div class=\"vu_b-item-wrap col-md-3 col-sm-6 col-xs-12\">\r\n\t\t\t\t\t\t\t\t\t\t\t<article class=\"vu_blog-item post-2125 post type-post status-publish format-standard has-post-thumbnail hentry category-kutulu-montajli-urunler tag-elx-k\" data-id=\"2125\" itemscope=\"itemscope\" itemtype=\"https:\/\/schema.org\/BlogPosting\">\r\n\t\t\t\t\t\t\t\t\t\t\t\t\t\t\t<div class=\"vu_bi-image\">\r\n\t\t\t\t\t\t\t\t\t<a href=\"https:\/\/www.konyaelmak.com.tr\/tr\/elx-k-buton-koruma-kapagi\/\">\r\n\t\t\t\t\t\t\t\t\t\t<img width=\"800\" height=\"600\" src=\"https:\/\/www.konyaelmak.com.tr\/tr\/wp-content\/uploads\/2022\/02\/ELX-K-800x600.jpg\" class=\"attachment-housico_ratio-4:3 size-housico_ratio-4:3 wp-post-image\" alt=\"\" decoding=\"async\" loading=\"lazy\" itemprop=\"image\" \/>\t\t\t\t\t\t\t\t\t<\/a>\r\n\t\t\t\t\t\t\t\t<\/div>\r\n\t\t\t\t\t\t\t\r\n\t\t\t\t\t\t\t<div class=\"vu_bi-content-wrapper\">\r\n\t\t\t\t\t\t\t\t<header class=\"vu_bi-header\">\r\n\t\t\t\t\t\t\t\t\t<h3 class=\"vu_bi-title entry-title\" itemprop=\"name\">\r\n\t\t\t\t\t\t\t\t\t\t<a href=\"https:\/\/www.konyaelmak.com.tr\/tr\/elx-k-buton-koruma-kapagi\/\" itemprop=\"url\" rel=\"bookmark\" title=\"ELX-K &#8211; Buton Koruma Kapa\u011f\u0131\">ELX-K &#8211; Buton Koruma Kapa\u011f\u0131<\/a>\r\n\t\t\t\t\t\t\t\t\t<\/h3>\r\n\r\n\t\t\t\t\t\t\t\t\t\t\t\t\t\t\t\t\t<\/header>\r\n\r\n\t\t\t\t\t\t\t\t\r\n\t\t\t\t\t\t\t\t\r\n\t\t\t\t\t\t\t\t<div class=\"clear\"><\/div>\r\n\t\t\t\t\t\t\t<\/div>\r\n\t\t\t\t\t\t<\/article>\r\n\t\t\t\t\t\t\t\t\t\t\t<\/div>\r\n\t\t\t\t\t\t\t\t\t\t\t\t\t\t\t\t\t\t\t\t<div class=\"vu_b-item-wrap col-md-3 col-sm-6 col-xs-12\">\r\n\t\t\t\t\t\t\t\t\t\t\t<article class=\"vu_blog-item post-2127 post type-post status-publish format-standard has-post-thumbnail hentry category-kutulu-montajli-urunler tag-elx-pas-1\" data-id=\"2127\" itemscope=\"itemscope\" itemtype=\"https:\/\/schema.org\/BlogPosting\">\r\n\t\t\t\t\t\t\t\t\t\t\t\t\t\t\t<div class=\"vu_bi-image\">\r\n\t\t\t\t\t\t\t\t\t<a href=\"https:\/\/www.konyaelmak.com.tr\/tr\/elx-pas-1-1li-alarm-seti\/\">\r\n\t\t\t\t\t\t\t\t\t\t<img width=\"800\" height=\"600\" src=\"https:\/\/www.konyaelmak.com.tr\/tr\/wp-content\/uploads\/2022\/02\/ELX-PAS-1-800x600.jpg\" class=\"attachment-housico_ratio-4:3 size-housico_ratio-4:3 wp-post-image\" alt=\"\" decoding=\"async\" loading=\"lazy\" itemprop=\"image\" \/>\t\t\t\t\t\t\t\t\t<\/a>\r\n\t\t\t\t\t\t\t\t<\/div>\r\n\t\t\t\t\t\t\t\r\n\t\t\t\t\t\t\t<div class=\"vu_bi-content-wrapper\">\r\n\t\t\t\t\t\t\t\t<header class=\"vu_bi-header\">\r\n\t\t\t\t\t\t\t\t\t<h3 class=\"vu_bi-title entry-title\" itemprop=\"name\">\r\n\t\t\t\t\t\t\t\t\t\t<a href=\"https:\/\/www.konyaelmak.com.tr\/tr\/elx-pas-1-1li-alarm-seti\/\" itemprop=\"url\" rel=\"bookmark\" title=\"ELX-PAS-1 &#8211; 1\u2019li Alarm Seti\">ELX-PAS-1 &#8211; 1\u2019li Alarm Seti<\/a>\r\n\t\t\t\t\t\t\t\t\t<\/h3>\r\n\r\n\t\t\t\t\t\t\t\t\t\t\t\t\t\t\t\t\t<\/header>\r\n\r\n\t\t\t\t\t\t\t\t\r\n\t\t\t\t\t\t\t\t\r\n\t\t\t\t\t\t\t\t<div class=\"clear\"><\/div>\r\n\t\t\t\t\t\t\t<\/div>\r\n\t\t\t\t\t\t<\/article>\r\n\t\t\t\t\t\t\t\t\t\t\t<\/div>\r\n\t\t\t\t\t\t\t\t\t\t\t\t\t\t\t\t\t\t\t\t<div class=\"vu_b-item-wrap col-md-3 col-sm-6 col-xs-12\">\r\n\t\t\t\t\t\t\t\t\t\t\t<article class=\"vu_blog-item post-2132 post type-post status-publish format-standard has-post-thumbnail hentry category-kutulu-montajli-urunler tag-elx-byp-b-24-vdc\" data-id=\"2132\" itemscope=\"itemscope\" itemtype=\"https:\/\/schema.org\/BlogPosting\">\r\n\t\t\t\t\t\t\t\t\t\t\t\t\t\t\t<div class=\"vu_bi-image\">\r\n\t\t\t\t\t\t\t\t\t<a href=\"https:\/\/www.konyaelmak.com.tr\/tr\/elx-byp-b-24-vdc-bypass-flasor-sesli-ikaz-bypass-buzzer\/\">\r\n\t\t\t\t\t\t\t\t\t\t<img width=\"800\" height=\"600\" src=\"https:\/\/www.konyaelmak.com.tr\/tr\/wp-content\/uploads\/2022\/02\/ELX-BYP-B-24-VDC-800x600.jpg\" class=\"attachment-housico_ratio-4:3 size-housico_ratio-4:3 wp-post-image\" alt=\"\" decoding=\"async\" loading=\"lazy\" itemprop=\"image\" \/>\t\t\t\t\t\t\t\t\t<\/a>\r\n\t\t\t\t\t\t\t\t<\/div>\r\n\t\t\t\t\t\t\t\r\n\t\t\t\t\t\t\t<div class=\"vu_bi-content-wrapper\">\r\n\t\t\t\t\t\t\t\t<header class=\"vu_bi-header\">\r\n\t\t\t\t\t\t\t\t\t<h3 class=\"vu_bi-title entry-title\" itemprop=\"name\">\r\n\t\t\t\t\t\t\t\t\t\t<a href=\"https:\/\/www.konyaelmak.com.tr\/tr\/elx-byp-b-24-vdc-bypass-flasor-sesli-ikaz-bypass-buzzer\/\" itemprop=\"url\" rel=\"bookmark\" title=\"ELX-BYP-B-24 VDC &#8211; Bypass Fla\u015f\u00f6r Sesli \u0130kaz Bypass Buzzer\">ELX-BYP-B-24 VDC &#8211; Bypass Fla\u015f\u00f6r Sesli \u0130kaz Bypass Buzzer<\/a>\r\n\t\t\t\t\t\t\t\t\t<\/h3>\r\n\r\n\t\t\t\t\t\t\t\t\t\t\t\t\t\t\t\t\t<\/header>\r\n\r\n\t\t\t\t\t\t\t\t\r\n\t\t\t\t\t\t\t\t\r\n\t\t\t\t\t\t\t\t<div class=\"clear\"><\/div>\r\n\t\t\t\t\t\t\t<\/div>\r\n\t\t\t\t\t\t<\/article>\r\n\t\t\t\t\t\t\t\t\t\t\t<\/div>\r\n\t\t\t\t\t\t\t\t\t\t\t\t\t\t\t\t\t\t\t\t<div class=\"vu_b-item-wrap col-md-3 col-sm-6 col-xs-12\">\r\n\t\t\t\t\t\t\t\t\t\t\t<article class=\"vu_blog-item post-2144 post type-post status-publish format-standard has-post-thumbnail hentry category-kutulu-montajli-urunler tag-elx-kdrr-eg61\" data-id=\"2144\" itemscope=\"itemscope\" itemtype=\"https:\/\/schema.org\/BlogPosting\">\r\n\t\t\t\t\t\t\t\t\t\t\t\t\t\t\t<div class=\"vu_bi-image\">\r\n\t\t\t\t\t\t\t\t\t<a href=\"https:\/\/www.konyaelmak.com.tr\/tr\/elx-kdrr-eg61-kuyu-disindan-revizyon-reset-anahtar\/\">\r\n\t\t\t\t\t\t\t\t\t\t<img width=\"800\" height=\"600\" src=\"https:\/\/www.konyaelmak.com.tr\/tr\/wp-content\/uploads\/2022\/02\/ELX-KDRR-EG61-800x600.jpg\" class=\"attachment-housico_ratio-4:3 size-housico_ratio-4:3 wp-post-image\" alt=\"\" decoding=\"async\" loading=\"lazy\" itemprop=\"image\" \/>\t\t\t\t\t\t\t\t\t<\/a>\r\n\t\t\t\t\t\t\t\t<\/div>\r\n\t\t\t\t\t\t\t\r\n\t\t\t\t\t\t\t<div class=\"vu_bi-content-wrapper\">\r\n\t\t\t\t\t\t\t\t<header class=\"vu_bi-header\">\r\n\t\t\t\t\t\t\t\t\t<h3 class=\"vu_bi-title entry-title\" itemprop=\"name\">\r\n\t\t\t\t\t\t\t\t\t\t<a href=\"https:\/\/www.konyaelmak.com.tr\/tr\/elx-kdrr-eg61-kuyu-disindan-revizyon-reset-anahtar\/\" itemprop=\"url\" rel=\"bookmark\" title=\"ELX-KDRR-EG61 &#8211; Kuyu D\u0131\u015f\u0131ndan Revizyon Reset Anahtar\">ELX-KDRR-EG61 &#8211; Kuyu D\u0131\u015f\u0131ndan Revizyon Reset Anahtar<\/a>\r\n\t\t\t\t\t\t\t\t\t<\/h3>\r\n\r\n\t\t\t\t\t\t\t\t\t\t\t\t\t\t\t\t\t<\/header>\r\n\r\n\t\t\t\t\t\t\t\t\r\n\t\t\t\t\t\t\t\t\r\n\t\t\t\t\t\t\t\t<div class=\"clear\"><\/div>\r\n\t\t\t\t\t\t\t<\/div>\r\n\t\t\t\t\t\t<\/article>\r\n\t\t\t\t\t\t\t\t\t\t\t<\/div>\r\n\t\t\t\t\t\t\t\t\t\t\t\t\t\t\t\t\t\t\t\t<div class=\"vu_b-item-wrap col-md-3 col-sm-6 col-xs-12\">\r\n\t\t\t\t\t\t\t\t\t\t\t<article class=\"vu_blog-item post-2147 post type-post status-publish format-standard has-post-thumbnail hentry category-kutulu-montajli-urunler tag-elx-kab-ea21\" data-id=\"2147\" itemscope=\"itemscope\" itemtype=\"https:\/\/schema.org\/BlogPosting\">\r\n\t\t\t\t\t\t\t\t\t\t\t\t\t\t\t<div class=\"vu_bi-image\">\r\n\t\t\t\t\t\t\t\t\t<a href=\"https:\/\/www.konyaelmak.com.tr\/tr\/elx-kab-ea21-kuyu-aydinlatma-butonu\/\">\r\n\t\t\t\t\t\t\t\t\t\t<img width=\"800\" height=\"600\" src=\"https:\/\/www.konyaelmak.com.tr\/tr\/wp-content\/uploads\/2022\/02\/ELX-KAB-EA21-800x600.jpg\" class=\"attachment-housico_ratio-4:3 size-housico_ratio-4:3 wp-post-image\" alt=\"\" decoding=\"async\" loading=\"lazy\" itemprop=\"image\" \/>\t\t\t\t\t\t\t\t\t<\/a>\r\n\t\t\t\t\t\t\t\t<\/div>\r\n\t\t\t\t\t\t\t\r\n\t\t\t\t\t\t\t<div class=\"vu_bi-content-wrapper\">\r\n\t\t\t\t\t\t\t\t<header class=\"vu_bi-header\">\r\n\t\t\t\t\t\t\t\t\t<h3 class=\"vu_bi-title entry-title\" itemprop=\"name\">\r\n\t\t\t\t\t\t\t\t\t\t<a href=\"https:\/\/www.konyaelmak.com.tr\/tr\/elx-kab-ea21-kuyu-aydinlatma-butonu\/\" itemprop=\"url\" rel=\"bookmark\" title=\"ELX-KAB-EA21 &#8211; Kuyu Ayd\u0131nlatma Butonu\">ELX-KAB-EA21 &#8211; Kuyu Ayd\u0131nlatma Butonu<\/a>\r\n\t\t\t\t\t\t\t\t\t<\/h3>\r\n\r\n\t\t\t\t\t\t\t\t\t\t\t\t\t\t\t\t\t<\/header>\r\n\r\n\t\t\t\t\t\t\t\t\r\n\t\t\t\t\t\t\t\t\r\n\t\t\t\t\t\t\t\t<div class=\"clear\"><\/div>\r\n\t\t\t\t\t\t\t<\/div>\r\n\t\t\t\t\t\t<\/article>\r\n\t\t\t\t\t\t\t\t\t\t\t<\/div>\r\n\t\t\t\t\t\t\t\t\t\t\t\t\t\t\t\t\t\t\t\t<\/div>\r\n\t\t<\/div>\r\n\t[\/vc_column][\/vc_row][\/vc_section]<\/p>\n","protected":false},"excerpt":{"rendered":"<p>[vc_section content_layout=&#8221;full&#8221; animation_delay=&#8221;&#8221; disable=&#8221;&#8221; id=&#8221;&#8221; class=&#8221;&#8221; bg_type=&#8221;image&#8221; bg_image=&#8221;&#8221; color_overlay=&#8221;&#8221; enable_parallax=&#8221;&#8221; enable_pattern=&#8221;&#8221;][vc_row content_layout=&#8221;boxed&#8221; equal_height=&#8221;&#8221; animation_delay=&#8221;&#8221; disable=&#8221;&#8221; id=&#8221;&#8221; class=&#8221;&#8221; bg_type=&#8221;image&#8221; bg_image=&#8221;&#8221; color_overlay=&#8221;&#8221; enable_parallax=&#8221;&#8221; enable_pattern=&#8221;&#8221;][vc_column layout=&#8221;normal&#8221; vertical_align=&#8221;auto&#8221; animation_delay=&#8221;&#8221;][\/vc_column][\/vc_row][\/vc_section]<\/p>\n","protected":false},"author":1,"featured_media":0,"parent":0,"menu_order":0,"comment_status":"closed","ping_status":"closed","template":"","meta":[],"_links":{"self":[{"href":"https:\/\/www.konyaelmak.com.tr\/tr\/wp-json\/wp\/v2\/pages\/465"}],"collection":[{"href":"https:\/\/www.konyaelmak.com.tr\/tr\/wp-json\/wp\/v2\/pages"}],"about":[{"href":"https:\/\/www.konyaelmak.com.tr\/tr\/wp-json\/wp\/v2\/types\/page"}],"author":[{"embeddable":true,"href":"https:\/\/www.konyaelmak.com.tr\/tr\/wp-json\/wp\/v2\/users\/1"}],"replies":[{"embeddable":true,"href":"https:\/\/www.konyaelmak.com.tr\/tr\/wp-json\/wp\/v2\/comments?post=465"}],"version-history":[{"count":8,"href":"https:\/\/www.konyaelmak.com.tr\/tr\/wp-json\/wp\/v2\/pages\/465\/revisions"}],"predecessor-version":[{"id":2198,"href":"https:\/\/www.konyaelmak.com.tr\/tr\/wp-json\/wp\/v2\/pages\/465\/revisions\/2198"}],"wp:attachment":[{"href":"https:\/\/www.konyaelmak.com.tr\/tr\/wp-json\/wp\/v2\/media?parent=465"}],"curies":[{"name":"wp","href":"https:\/\/api.w.org\/{rel}","templated":true}]}}